{"id":163,"date":"2024-12-06T03:34:29","date_gmt":"2024-12-05T20:34:29","guid":{"rendered":"https:\/\/usvship.com\/trang-chu\/"},"modified":"2024-12-07T07:31:19","modified_gmt":"2024-12-07T07:31:19","slug":"trang-chu","status":"publish","type":"page","link":"https:\/\/usvship.com\/vi\/","title":{"rendered":"Trang ch\u1ee7"},"content":{"rendered":"\t\t<div data-elementor-type=\"wp-page\" data-elementor-id=\"163\" class=\"elementor elementor-163 elementor-2\" data-elementor-post-type=\"page\">\n\t\t\t\t<div class=\"elementor-element elementor-element-a10ecfd e-con-full e-flex e-con e-parent\" data-id=\"a10ecfd\" data-element_type=\"container\" data-e-type=\"container\">\n\t\t\t\t<div class=\"elementor-element elementor-element-505a80a elementor--h-position-center elementor--v-position-middle elementor-arrows-position-inside elementor-pagination-position-inside elementor-widget elementor-widget-slides\" data-id=\"505a80a\" data-element_type=\"widget\" data-e-type=\"widget\" data-settings=\"{&quot;navigation&quot;:&quot;both&quot;,&quot;autoplay&quot;:&quot;yes&quot;,&quot;pause_on_hover&quot;:&quot;yes&quot;,&quot;pause_on_interaction&quot;:&quot;yes&quot;,&quot;autoplay_speed&quot;:5000,&quot;infinite&quot;:&quot;yes&quot;,&quot;transition&quot;:&quot;slide&quot;,&quot;transition_speed&quot;:500}\" data-widget_type=\"slides.default\">\n\t\t\t\t<div class=\"elementor-widget-container\">\n\t\t\t\t\t\t\t\t\t<div class=\"elementor-swiper\">\n\t\t\t\t\t<div class=\"elementor-slides-wrapper elementor-main-swiper swiper\" role=\"region\" aria-roledescription=\"carousel\" aria-label=\"Slides\" dir=\"ltr\" data-animation=\"fadeInUp\">\n\t\t\t\t<div class=\"swiper-wrapper elementor-slides\">\n\t\t\t\t\t\t\t\t\t\t<div class=\"elementor-repeater-item-a97b3eb swiper-slide\" role=\"group\" aria-roledescription=\"slide\"><div class=\"swiper-slide-bg\"><\/div><div class=\"swiper-slide-inner\" ><div class=\"swiper-slide-contents\"><div class=\"elementor-slide-heading\">Ti\u00eau \u0111\u1ec1 Slide 1<\/div><div class=\"elementor-slide-description\"><p>Lorem ipsum dolor ng\u1ed3i amet consectetur adipiscing elit dolor<\/p>\n<\/div><div  class=\"elementor-button elementor-slide-button elementor-size-sm\">Nh\u1ea5p v\u00e0o \u0111\u00e2y<\/div><\/div><\/div><\/div><div class=\"elementor-repeater-item-f220061 swiper-slide\" role=\"group\" aria-roledescription=\"slide\"><div class=\"swiper-slide-bg\"><\/div><div class=\"swiper-slide-inner\" ><div class=\"swiper-slide-contents\"><div class=\"elementor-slide-heading\">Ti\u00eau \u0111\u1ec1 Slide 2<\/div><div class=\"elementor-slide-description\"><p>Lorem ipsum dolor ng\u1ed3i amet consectetur adipiscing elit dolor<\/p>\n<\/div><div  class=\"elementor-button elementor-slide-button elementor-size-sm\">Nh\u1ea5p v\u00e0o \u0111\u00e2y<\/div><\/div><\/div><\/div><div class=\"elementor-repeater-item-337038d swiper-slide\" role=\"group\" aria-roledescription=\"slide\"><div class=\"swiper-slide-bg\"><\/div><div class=\"swiper-slide-inner\" ><div class=\"swiper-slide-contents\"><div class=\"elementor-slide-heading\">Ti\u00eau \u0111\u1ec1 Slide 3<\/div><div class=\"elementor-slide-description\"><p>Lorem ipsum dolor ng\u1ed3i amet consectetur adipiscing elit dolor<\/p>\n<\/div><div  class=\"elementor-button elementor-slide-button elementor-size-sm\">Nh\u1ea5p v\u00e0o \u0111\u00e2y<\/div><\/div><\/div><\/div>\t\t\t\t<\/div>\n\t\t\t\t\t\t\t\t\t\t\t\t\t\t\t<div class=\"elementor-swiper-button elementor-swiper-button-prev\" role=\"button\" tabindex=\"0\" aria-label=\"Previous slide\">\n\t\t\t\t\t\t\t<svg aria-hidden=\"true\" class=\"e-font-icon-svg e-eicon-chevron-left\" viewBox=\"0 0 1000 1000\" xmlns=\"http:\/\/www.w3.org\/2000\/svg\"><path d=\"M646 125C629 125 613 133 604 142L308 442C296 454 292 471 292 487 292 504 296 521 308 533L604 854C617 867 629 875 646 875 663 875 679 871 692 858 704 846 713 829 713 812 713 796 708 779 692 767L438 487 692 225C700 217 708 204 708 187 708 171 704 154 692 142 675 129 663 125 646 125Z\"><\/path><\/svg>\t\t\t\t\t\t<\/div>\n\t\t\t\t\t\t<div class=\"elementor-swiper-button elementor-swiper-button-next\" role=\"button\" tabindex=\"0\" aria-label=\"Next slide\">\n\t\t\t\t\t\t\t<svg aria-hidden=\"true\" class=\"e-font-icon-svg e-eicon-chevron-right\" viewBox=\"0 0 1000 1000\" xmlns=\"http:\/\/www.w3.org\/2000\/svg\"><path d=\"M696 533C708 521 713 504 713 487 713 471 708 454 696 446L400 146C388 133 375 125 354 125 338 125 325 129 313 142 300 154 292 171 292 187 292 204 296 221 308 233L563 492 304 771C292 783 288 800 288 817 288 833 296 850 308 863 321 871 338 875 354 875 371 875 388 867 400 854L696 533Z\"><\/path><\/svg>\t\t\t\t\t\t<\/div>\n\t\t\t\t\t\t\t\t\t\t\t\t\t\t\t\t<div class=\"swiper-pagination\"><\/div>\n\t\t\t\t\t\t\t\t\t\t\t\t<\/div>\n\t\t\t\t<\/div>\n\t\t\t\t\t\t\t\t<\/div>\n\t\t\t\t<\/div>\n\t\t\t\t<\/div>\n\t\t<div class=\"elementor-element elementor-element-80f6e88 e-flex e-con-boxed e-con e-parent\" data-id=\"80f6e88\" data-element_type=\"container\" data-e-type=\"container\">\n\t\t\t\t\t<div class=\"e-con-inner\">\n\t\t\t\t<div class=\"elementor-element elementor-element-4e6d6a4 elementor-grid-5 elementor-grid-tablet-3 elementor-grid-mobile-2 elementor-products-grid elementor-wc-products elementor-widget elementor-widget-woocommerce-products\" data-id=\"4e6d6a4\" data-element_type=\"widget\" data-e-type=\"widget\" data-widget_type=\"woocommerce-products.default\">\n\t\t\t\t<div class=\"elementor-widget-container\">\n\t\t\t\t\t<div class=\"woocommerce columns-5 \"><ul class=\"products elementor-grid columns-5\">\n<li class=\"product type-product post-105 status-publish first instock product_cat-nha-nha-bep has-post-thumbnail sale taxable shipping-taxable purchasable product-type-simple\">\n\t<a href=\"https:\/\/usvship.com\/vi\/product\/combo-robot-hut-bui-va-lau-nha-dreame-d9-max-gen-2-dieu-huong-lds-cong-suat-hut-manh-6000pa-thoi-gian-chay-240-phut-quet-va-lau-nha-2-trong-1-wifi-app-dieu-khien-bang-giong-noi\/\" class=\"woocommerce-LoopProduct-link woocommerce-loop-product__link\">\n\t<span class=\"onsale\">Sale!<\/span>\n\t<img fetchpriority=\"high\" decoding=\"async\" width=\"300\" height=\"297\" src=\"https:\/\/usvship.com\/wp-content\/uploads\/2024\/12\/dreame-d9-max-gen-2-robot-vacuum-and-mop-combo-lds-navigation-6000pa-strong-suction-power-240mins-runtime-2-in-1-sweep-and-mop-wifi-app-voice-control-1733458445-300x297.jpg\" class=\"attachment-woocommerce_thumbnail size-woocommerce_thumbnail\" alt=\"Robot H\u00fat B\u1ee5i v\u00e0 Lau Nh\u00e0 Dreame D9 Max Gen 2, LDS, 6000Pa, 240 Ph\u00fat, \u0110i\u1ec1u Khi\u1ec3n WiFi, \u1ee8ng D\u1ee5ng, \u0110i\u1ec1u Khi\u1ec3n B\u1eb1ng Gi\u1ecdng N\u00f3i\" srcset=\"https:\/\/usvship.com\/wp-content\/uploads\/2024\/12\/dreame-d9-max-gen-2-robot-vacuum-and-mop-combo-lds-navigation-6000pa-strong-suction-power-240mins-runtime-2-in-1-sweep-and-mop-wifi-app-voice-control-1733458445-300x297.jpg 300w, https:\/\/usvship.com\/wp-content\/uploads\/2024\/12\/dreame-d9-max-gen-2-robot-vacuum-and-mop-combo-lds-navigation-6000pa-strong-suction-power-240mins-runtime-2-in-1-sweep-and-mop-wifi-app-voice-control-1733458445-100x100.jpg 100w, https:\/\/usvship.com\/wp-content\/uploads\/2024\/12\/dreame-d9-max-gen-2-robot-vacuum-and-mop-combo-lds-navigation-6000pa-strong-suction-power-240mins-runtime-2-in-1-sweep-and-mop-wifi-app-voice-control-1733458445-600x594.jpg 600w, https:\/\/usvship.com\/wp-content\/uploads\/2024\/12\/dreame-d9-max-gen-2-robot-vacuum-and-mop-combo-lds-navigation-6000pa-strong-suction-power-240mins-runtime-2-in-1-sweep-and-mop-wifi-app-voice-control-1733458445-1024x1014.jpg 1024w, https:\/\/usvship.com\/wp-content\/uploads\/2024\/12\/dreame-d9-max-gen-2-robot-vacuum-and-mop-combo-lds-navigation-6000pa-strong-suction-power-240mins-runtime-2-in-1-sweep-and-mop-wifi-app-voice-control-1733458445-150x150.jpg 150w, https:\/\/usvship.com\/wp-content\/uploads\/2024\/12\/dreame-d9-max-gen-2-robot-vacuum-and-mop-combo-lds-navigation-6000pa-strong-suction-power-240mins-runtime-2-in-1-sweep-and-mop-wifi-app-voice-control-1733458445-768x760.jpg 768w, https:\/\/usvship.com\/wp-content\/uploads\/2024\/12\/dreame-d9-max-gen-2-robot-vacuum-and-mop-combo-lds-navigation-6000pa-strong-suction-power-240mins-runtime-2-in-1-sweep-and-mop-wifi-app-voice-control-1733458445.jpg 1303w\" sizes=\"(max-width: 300px) 100vw, 300px\" \/><h2 class=\"woocommerce-loop-product__title\">Robot H\u00fat B\u1ee5i v\u00e0 Lau Nh\u00e0 Dreame D9 Max Gen 2, LDS, 6000Pa, 240 Ph\u00fat, \u0110i\u1ec1u Khi\u1ec3n WiFi, \u1ee8ng D\u1ee5ng, \u0110i\u1ec1u Khi\u1ec3n B\u1eb1ng Gi\u1ecdng N\u00f3i<\/h2>\n\t<span class=\"price\"><del aria-hidden=\"true\"><span class=\"woocommerce-Price-amount amount\"><bdi><span class=\"woocommerce-Price-currencySymbol\">&#36;<\/span>499.99<\/bdi><\/span><\/del> <span class=\"screen-reader-text\">Original price was: &#036;499.99.<\/span><ins aria-hidden=\"true\"><span class=\"woocommerce-Price-amount amount\"><bdi><span class=\"woocommerce-Price-currencySymbol\">&#36;<\/span>399.99<\/bdi><\/span><\/ins><span class=\"screen-reader-text\">Current price is: &#036;399.99.<\/span><\/span>\n<\/a><a href=\"\/vi\/wp-json\/wp\/v2\/pages\/163?add-to-cart=105\" aria-describedby=\"woocommerce_loop_add_to_cart_link_describedby_105\" data-quantity=\"1\" class=\"button product_type_simple add_to_cart_button ajax_add_to_cart\" data-product_id=\"105\" data-product_sku=\"B0D6VQK8KN\" aria-label=\"Add to cart: &ldquo;Robot H\u00fat B\u1ee5i v\u00e0 Lau Nh\u00e0 Dreame D9 Max Gen 2, LDS, 6000Pa, 240 Ph\u00fat, \u0110i\u1ec1u Khi\u1ec3n WiFi, \u1ee8ng D\u1ee5ng, \u0110i\u1ec1u Khi\u1ec3n B\u1eb1ng Gi\u1ecdng N\u00f3i&rdquo;\" rel=\"nofollow\" data-success_message=\"&ldquo;Robot H\u00fat B\u1ee5i v\u00e0 Lau Nh\u00e0 Dreame D9 Max Gen 2, LDS, 6000Pa, 240 Ph\u00fat, \u0110i\u1ec1u Khi\u1ec3n WiFi, \u1ee8ng D\u1ee5ng, \u0110i\u1ec1u Khi\u1ec3n B\u1eb1ng Gi\u1ecdng N\u00f3i&rdquo; has been added to your cart\" role=\"button\">Add to cart<\/a>\t<span id=\"woocommerce_loop_add_to_cart_link_describedby_105\" class=\"screen-reader-text\">\n\t\t\t<\/span>\n<\/li>\n<\/ul>\n<\/div>\t\t\t\t<\/div>\n\t\t\t\t<\/div>\n\t\t\t\t\t<\/div>\n\t\t\t\t<\/div>\n\t\t\t\t<\/div>\n\t\t","protected":false},"excerpt":{"rendered":"<p>Ti\u00eau \u0111\u1ec1 Slide 1 Lorem ipsum dolor ng\u1ed3i amet consectetur adipiscing elit dolor Nh\u1ea5p v\u00e0o \u0111\u00e2yTi\u00eau \u0111\u1ec1 Slide 2 Lorem ipsum dolor ng\u1ed3i amet consectetur adipiscing elit dolor Nh\u1ea5p v\u00e0o \u0111\u00e2yTi\u00eau \u0111\u1ec1 Slide 3 Lorem ipsum dolor ng\u1ed3i amet consectetur adipiscing elit dolor Nh\u1ea5p v\u00e0o \u0111\u00e2y Previous slide Next slide<\/p>\n","protected":false},"author":1,"featured_media":0,"parent":0,"menu_order":0,"comment_status":"closed","ping_status":"closed","template":"","meta":{"footnotes":""},"class_list":["post-163","page","type-page","status-publish","hentry"],"_links":{"self":[{"href":"https:\/\/usvship.com\/vi\/wp-json\/wp\/v2\/pages\/163","targetHints":{"allow":["GET"]}}],"collection":[{"href":"https:\/\/usvship.com\/vi\/wp-json\/wp\/v2\/pages"}],"about":[{"href":"https:\/\/usvship.com\/vi\/wp-json\/wp\/v2\/types\/page"}],"author":[{"embeddable":true,"href":"https:\/\/usvship.com\/vi\/wp-json\/wp\/v2\/users\/1"}],"replies":[{"embeddable":true,"href":"https:\/\/usvship.com\/vi\/wp-json\/wp\/v2\/comments?post=163"}],"version-history":[{"count":0,"href":"https:\/\/usvship.com\/vi\/wp-json\/wp\/v2\/pages\/163\/revisions"}],"wp:attachment":[{"href":"https:\/\/usvship.com\/vi\/wp-json\/wp\/v2\/media?parent=163"}],"curies":[{"name":"wp","href":"https:\/\/api.w.org\/{rel}","templated":true}]}}