{"id":105,"date":"2024-12-06T04:16:28","date_gmt":"2024-12-06T04:16:28","guid":{"rendered":"https:\/\/usvship.com\/product\/combo-robot-hut-bui-va-lau-nha-dreame-d9-max-gen-2-dieu-huong-lds-cong-suat-hut-manh-6000pa-thoi-gian-chay-240-phut-quet-va-lau-nha-2-trong-1-wifi-app-dieu-khien-bang-giong-noi\/"},"modified":"2024-12-07T07:28:02","modified_gmt":"2024-12-07T07:28:02","slug":"combo-robot-hut-bui-va-lau-nha-dreame-d9-max-gen-2-dieu-huong-lds-cong-suat-hut-manh-6000pa-thoi-gian-chay-240-phut-quet-va-lau-nha-2-trong-1-wifi-app-dieu-khien-bang-giong-noi","status":"publish","type":"product","link":"https:\/\/usvship.com\/vi\/product\/combo-robot-hut-bui-va-lau-nha-dreame-d9-max-gen-2-dieu-huong-lds-cong-suat-hut-manh-6000pa-thoi-gian-chay-240-phut-quet-va-lau-nha-2-trong-1-wifi-app-dieu-khien-bang-giong-noi\/","title":{"rendered":"Robot H\u00fat B\u1ee5i v\u00e0 Lau Nh\u00e0 Dreame D9 Max Gen 2, LDS, 6000Pa, 240 Ph\u00fat, \u0110i\u1ec1u Khi\u1ec3n WiFi, \u1ee8ng D\u1ee5ng, \u0110i\u1ec1u Khi\u1ec3n B\u1eb1ng Gi\u1ecdng N\u00f3i"},"content":{"rendered":"<ul class=\"a-unordered-list a-vertical a-spacing-mini\" data-sleek-node-id=\"b0d47e\">\n<li><strong>C\u00f4ng su\u1ea5t h\u00fat 6000 Pa:<\/strong> Cung c\u1ea5p 4 m\u1ee9c \u0111\u1ed9 h\u00fat l\u00ean \u0111\u1ebfn 6000 Pa, x\u1eed l\u00fd hi\u1ec7u qu\u1ea3 b\u1ee5i, v\u1ee5n b\u00e1nh m\u00ec v\u00e0 m\u1ea3nh v\u1ee5n tr\u00ean th\u1ea3m v\u00e0 s\u00e0n g\u1ed7 c\u1ee9ng, \u0111\u01b0\u1ee3c n\u00e2ng c\u1ea5p t\u1eeb c\u00f4ng su\u1ea5t 4000 Pa c\u1ee7a D9 Max.<\/li>\n<li><strong>Ch\u1ed5i n\u1ed5i h\u00fat b\u1ee5i v\u00e0 t\u00f3c:<\/strong> Lo\u1ea1i b\u1ecf b\u1ee5i v\u00e0 m\u1ea3nh v\u1ee5n b\u00e1m ch\u1eb7t, \u0111i\u1ec1u ch\u1ec9nh theo ch\u01b0\u1edbng ng\u1ea1i v\u1eadt v\u00e0 \u0111\u01a1n gi\u1ea3n h\u00f3a vi\u1ec7c lo\u1ea1i b\u1ecf t\u00f3c \u0111\u1ec3 v\u1ec7 sinh hi\u1ec7u qu\u1ea3.<\/li>\n<li><strong>H\u1ed9p ch\u1ee9a b\u1ee5i 570 ml:<\/strong> Dung t\u00edch l\u1edbn gi\u1eef l\u1ea1i b\u1ee5i b\u1ea9n v\u00e0 l\u00f4ng th\u00fa c\u01b0ng, ng\u0103n r\u00f2 r\u1ec9 v\u00e0 m\u00f9i h\u00f4i \u0111\u1ec3 c\u00f3 m\u00f4i tr\u01b0\u1eddng trong l\u00e0nh.<\/li>\n<li><strong>L\u1eadp b\u1ea3n \u0111\u1ed3 v\u00e0 t\u00f9y ch\u1ec9nh ch\u00ednh x\u00e1c:<\/strong> B\u1ea3n \u0111\u1ed3 c\u00f3 th\u1ec3 ch\u1ec9nh s\u1eeda cho ph\u00e9p v\u1ec7 sinh theo m\u1ee5c ti\u00eau, v\u1edbi c\u00e1c v\u00f9ng c\u1ea5m lau v\u00e0 c\u1ea5m v\u00e0o \u0111\u1ec3 v\u1ec7 sinh theo nhu c\u1ea7u c\u00e1 nh\u00e2n.<\/li>\n<li><strong>Ch\u0103m s\u00f3c th\u1ea3m:<\/strong> L\u1ef1c h\u00fat th\u00f4ng minh \u0111i\u1ec1u ch\u1ec9nh \u0111\u1ec3 l\u00e0m s\u1ea1ch s\u00e2u th\u1ea3m, lo\u1ea1i b\u1ecf l\u00f4ng, c\u00e1t v\u00e0 b\u1ee5i b\u1ea9n.<\/li>\n<li><strong>\u0110i\u1ec1u khi\u1ec3n th\u00f4ng minh:<\/strong> C\u00f4ng ngh\u1ec7 Pathfinder ph\u00e1t hi\u1ec7n v\u1eadt th\u1ec3 v\u00e0 tr\u00e1nh ch\u01b0\u1edbng ng\u1ea1i v\u1eadt \u0111\u1ec3 \u0111i\u1ec1u h\u01b0\u1edbng d\u1ec5 d\u00e0ng v\u00e0 bao qu\u00e1t to\u00e0n di\u1ec7n.<\/li>\n<li><strong>B\u00ecnh ch\u1ee9a n\u01b0\u1edbc lau nh\u00e0:<\/strong> B\u00ecnh ch\u1ee9a n\u01b0\u1edbc 235 ml v\u1edbi 3 m\u1ee9c l\u01b0u l\u01b0\u1ee3ng c\u00f3 th\u1ec3 \u0111i\u1ec1u ch\u1ec9nh gi\u00fap lau nh\u00e0 li\u00ean t\u1ee5c, t\u00f9y ch\u1ec9nh \u0111\u1ec3 lo\u1ea1i b\u1ecf v\u1ebft b\u1ea9n hi\u1ec7u qu\u1ea3.<\/li>\n<\/ul>\n","protected":false},"excerpt":{"rendered":"<p>C\u00f4ng su\u1ea5t h\u00fat 6000 Pa: Cung c\u1ea5p 4 m\u1ee9c \u0111\u1ed9 h\u00fat l\u00ean \u0111\u1ebfn 6000 Pa, x\u1eed l\u00fd hi\u1ec7u qu\u1ea3 b\u1ee5i, v\u1ee5n b\u00e1nh m\u00ec v\u00e0 m\u1ea3nh v\u1ee5n tr\u00ean th\u1ea3m v\u00e0 s\u00e0n g\u1ed7 c\u1ee9ng, \u0111\u01b0\u1ee3c n\u00e2ng c\u1ea5p t\u1eeb c\u00f4ng su\u1ea5t 4000 Pa c\u1ee7a D9 Max. Ch\u1ed5i n\u1ed5i h\u00fat b\u1ee5i v\u00e0 t\u00f3c: Lo\u1ea1i b\u1ecf b\u1ee5i v\u00e0 m\u1ea3nh v\u1ee5n [&#8230;]\n","protected":false},"featured_media":81,"comment_status":"open","ping_status":"closed","template":"","meta":[],"product_brand":[],"product_cat":[26],"product_tag":[],"class_list":{"0":"post-105","1":"product","2":"type-product","3":"status-publish","4":"has-post-thumbnail","6":"product_cat-nha-nha-bep","8":"first","9":"instock","10":"sale","11":"taxable","12":"shipping-taxable","13":"purchasable","14":"product-type-simple"},"_links":{"self":[{"href":"https:\/\/usvship.com\/vi\/wp-json\/wp\/v2\/product\/105","targetHints":{"allow":["GET"]}}],"collection":[{"href":"https:\/\/usvship.com\/vi\/wp-json\/wp\/v2\/product"}],"about":[{"href":"https:\/\/usvship.com\/vi\/wp-json\/wp\/v2\/types\/product"}],"replies":[{"embeddable":true,"href":"https:\/\/usvship.com\/vi\/wp-json\/wp\/v2\/comments?post=105"}],"wp:featuredmedia":[{"embeddable":true,"href":"https:\/\/usvship.com\/vi\/wp-json\/wp\/v2\/media\/81"}],"wp:attachment":[{"href":"https:\/\/usvship.com\/vi\/wp-json\/wp\/v2\/media?parent=105"}],"wp:term":[{"taxonomy":"product_brand","embeddable":true,"href":"https:\/\/usvship.com\/vi\/wp-json\/wp\/v2\/product_brand?post=105"},{"taxonomy":"product_cat","embeddable":true,"href":"https:\/\/usvship.com\/vi\/wp-json\/wp\/v2\/product_cat?post=105"},{"taxonomy":"product_tag","embeddable":true,"href":"https:\/\/usvship.com\/vi\/wp-json\/wp\/v2\/product_tag?post=105"}],"curies":[{"name":"wp","href":"https:\/\/api.w.org\/{rel}","templated":true}]}}